{"id":1538,"date":"2023-03-19T20:30:32","date_gmt":"2023-03-19T20:30:32","guid":{"rendered":"https:\/\/bioracionales.com\/?post_type=product&#038;p=1538"},"modified":"2023-03-23T14:32:22","modified_gmt":"2023-03-23T14:32:22","slug":"bonfyton-x-500-ml-jabon-potasico-concentrado","status":"publish","type":"product","link":"https:\/\/bioracionales.com\/index.php\/producto\/bonfyton-x-500-ml-jabon-potasico-concentrado\/","title":{"rendered":"BONFYTON X 500 mL &#8211; JAB\u00d3N POT\u00c1SICO CONCENTRADO"},"content":{"rendered":"<p><strong>BONFYTON<\/strong> es un Jab\u00f3n Pot\u00e1sico formulado a partir de \u00c1cidos grasos, Dipentenos, Tensoactivos, \u00c1lcalis pot\u00e1sico y Surfactantes de origen natural que dan lugar a un producto Biorracional, ambientalmente amigable y libre de sustancias perjudiciales como Sodio, Fenoles y \u00d3xido de etileno.<\/p>\n<p>Es totalmente soluble en agua, de f\u00e1cil aplicaci\u00f3n y de uso regular en el control de plagas de cuerpo blando y en el mejoramiento del aspecto est\u00e9tico y de limpieza de Flores, frutas, verduras, legumbres y hortalizas.<\/p>\n<p>Para uso en el lavado de focos de plagas de cuerpo blando como \u00e1caros (ara\u00f1itas), \u00e1fidos (pulgones) y mosca blanca (palomillas), en la limpieza de productos vegetales y agr\u00edcolas en general sin alterar su calidad o duraci\u00f3n. En la cosecha, el transporte, almacenaje y manipuleo de productos agr\u00edcolas que han adquirido suciedades como polvo, residuos de productos plaguicidas y restos de insectos, hongos y bacterias y un sin n\u00famero de organismos que ser\u00e1n perjudiciales para la est\u00e9tica y calidad del producto.<\/p>\n<p>Retira eficientemente la fumag\u00edna y otros hongos, azucaramientos causados por \u00e1fidos, exuvias, mudas, telara\u00f1as, polvo, residuos de plaguicidas y otras suciedades.<\/p>\n<p>Otros usos<\/p>\n<ul>\n<li>Lavado de equipos de protecci\u00f3n de plaguicidas<\/li>\n<li>Lavado de focos de \u00e1caros, \u00e1fidos y palomillas<\/li>\n<li>Lavado de frutas &#8211; verduras y hortalizas<\/li>\n<li>Lavado de instalaciones y casetas de fumigaci\u00f3n.<\/li>\n<\/ul>\n","protected":false},"excerpt":{"rendered":"<p><strong>BONFYTON<\/strong> es un Jab\u00f3n Pot\u00e1sico formulado a partir de \u00c1cidos grasos, Dipentenos, Tensoactivos, \u00c1lcalis pot\u00e1sico y Surfactantes de origen natural que dan lugar a un producto Biorracional, ambientalmente amigable y libre de sustancias perjudiciales como Sodio, Fenoles y \u00d3xido de etileno.<\/p>\n<p>&nbsp;<\/p>\n<p>Es totalmente soluble en agua, de f\u00e1cil aplicaci\u00f3n y de uso regular en el control de plagas de cuerpo blando y en el mejoramiento del aspecto est\u00e9tico y de limpieza de Flores, frutas, verduras, legumbres y hortalizas.<\/p>\n","protected":false},"featured_media":1576,"comment_status":"open","ping_status":"closed","template":"","meta":[],"product_brand":[],"product_cat":[102,64,183,273,181,195],"product_tag":[],"class_list":{"0":"post-1538","1":"product","2":"type-product","3":"status-publish","6":"product_cat-agricultura-limpia","7":"product_cat-cannabis","8":"product_cat-control-de-plagas","9":"product_cat-control-plagas-y-enfermedades","10":"product_cat-hidroponia","11":"product_cat-plagas-del-follaje-cannabis","13":"first","14":"instock","15":"shipping-taxable","16":"purchasable","17":"product-type-simple"},"_links":{"self":[{"href":"https:\/\/bioracionales.com\/index.php\/wp-json\/wp\/v2\/product\/1538","targetHints":{"allow":["GET"]}}],"collection":[{"href":"https:\/\/bioracionales.com\/index.php\/wp-json\/wp\/v2\/product"}],"about":[{"href":"https:\/\/bioracionales.com\/index.php\/wp-json\/wp\/v2\/types\/product"}],"replies":[{"embeddable":true,"href":"https:\/\/bioracionales.com\/index.php\/wp-json\/wp\/v2\/comments?post=1538"}],"wp:featuredmedia":[{"embeddable":true,"href":"https:\/\/bioracionales.com\/index.php\/wp-json\/wp\/v2\/media\/1576"}],"wp:attachment":[{"href":"https:\/\/bioracionales.com\/index.php\/wp-json\/wp\/v2\/media?parent=1538"}],"wp:term":[{"taxonomy":"product_brand","embeddable":true,"href":"https:\/\/bioracionales.com\/index.php\/wp-json\/wp\/v2\/product_brand?post=1538"},{"taxonomy":"product_cat","embeddable":true,"href":"https:\/\/bioracionales.com\/index.php\/wp-json\/wp\/v2\/product_cat?post=1538"},{"taxonomy":"product_tag","embeddable":true,"href":"https:\/\/bioracionales.com\/index.php\/wp-json\/wp\/v2\/product_tag?post=1538"}],"curies":[{"name":"wp","href":"https:\/\/api.w.org\/{rel}","templated":true}]}}