{"id":1617,"date":"2023-03-28T22:57:08","date_gmt":"2023-03-28T22:57:08","guid":{"rendered":"https:\/\/bioracionales.com\/?post_type=product&#038;p=1617"},"modified":"2024-03-17T03:03:16","modified_gmt":"2024-03-17T03:03:16","slug":"yodovite-x-500-ml-fungicida-desinfectante-yodoforo-concentrado-copia","status":"publish","type":"product","link":"https:\/\/bioracionales.com\/index.php\/producto\/yodovite-x-500-ml-fungicida-desinfectante-yodoforo-concentrado-copia\/","title":{"rendered":"YODOVITE X 500 mL &#8211; FUNGICIDA DESINFECTANTE YOD\u00d3FORO CONCENTRADO"},"content":{"rendered":"<p>USOS Y APLICACIONES<br \/>\nDesinfecci\u00f3n de medios de enraizamiento<br \/>\nUse <strong>YODOVITE<\/strong> disuelto a una dosis de 4 CC\/Lt. De agua, aplicando sobre el sustrato a desinfectar en forma de drench o riego pesado, asegur\u00e1ndose que se moje homog\u00e9neamente. Calcule entre 1.5 y 2.0 litros de la mezcla por cada M2 de superficie a tratar. Deje actuar la mezcla entre 20 y 30 minutos antes de sembrar.<\/p>\n<p><strong>Desinfecci\u00f3n de esquejes, bulbos, cormos, pl\u00e1ntulas, colinos, semillas.<\/strong><br \/>\nUse <strong>YODOVITE<\/strong> disuelto a una dosis de 2 CC\/Lt. De agua, prepare la soluci\u00f3n en un recipiente suficientemente grande y pro-ceda al tratamiento por Inmersi\u00f3n. Haga mezclas de entre 30 y 50 litros de soluci\u00f3n. Deje inmersos los materiales a desinfectar por lo menos durante 5 minutos luego escurra muy bien y siembre. No es necesario enjuagar. Vierta los residuos de la soluci\u00f3n usada sobre los sitios de siembra.<\/p>\n<p><strong>Desinfecci\u00f3n de sitios para siembra: Camas, hoyos, sitios.<\/strong><br \/>\nUse <strong>YODOVITE<\/strong> disuelto a una dosis de 8 CC\/Lt. De agua, aplicando sobre el sitio, hoyo o cama a desinfectar en forma de drench o riego pesado, asegur\u00e1ndose que se moje homog\u00e9nea y suficientemente. Calcule entre 4 y 5 litros de la mezcla por cada sitio, dejando que se infiltre y percole. Deje actuar la mezcla entre 20 y 30 minutos antes de sembrar.<\/p>\n<p><strong>Aplicaci\u00f3n sobre siembras nuevas y plantas en crecimiento.<\/strong><br \/>\nUse <strong>YODOVITE<\/strong> para el mantenimiento de siembras nuevas, disuelto a una dosis de 2 CC\/Lt. De agua, aplicando sobre la era o cama a desinfectar en forma de drench o riego pesado, asegur\u00e1ndose que se moje homog\u00e9nea y suficientemente tanto el sustrato como el cuello de la planta. Calcule entre 10 y 15 litros de la mezcla por cada 30 M2 de era o cama, dejando que se infiltre y percole. Haga una aplicaci\u00f3n semanal durante las primeras 4 semanas despu\u00e9s de la siembra.<\/p>\n<p><strong>Tratamiento de agua de Hidrataci\u00f3n Postcosecha de Flores.<\/strong><br \/>\nUse <strong>YODOVITE<\/strong> para desinfectar el agua de Hidrataci\u00f3n de Flores cortadas, en fase de campo y en procesos de postcosecha, disuelto a una dosis de 0.5 CC\/Lt. De agua, tratando las flores por inmersi\u00f3n de su parte basal. Calcule entre 10 y 15 litros de la mezcla por balde, asegur\u00e1ndose de que todos los tallos queden dentro de la soluci\u00f3n. Haga una revisi\u00f3n del nivel de yodo a intervalos de 6 horas y de ser necesario reacondicione la mezcla. No es necesario agregar coadyuvante tensoactivo.<\/p>\n<p><strong>Desinfecci\u00f3n de utensilios, maquinaria y herramientas.<\/strong><br \/>\nUse <strong>YODOVITE<\/strong> para desinfectar herramientas y utensilios de uso agr\u00edcola, disuelto a una dosis de 2.5 CC\/Lt. De agua, tratando las herramientas y utensilios (previamente lavados y sin residuos de tierra o restos de plantas) por inmersi\u00f3n completa en la soluci\u00f3n por espacio de por lo menos 10 minutos. Para Maquinarias y equipos de labranza, aplique la mezcla por aspersi\u00f3n sobre los equipos a desinfectar (previamente lavados y sin residuos de tierra, restos de plantas o broza). Deje escurrir sin enjuagar. Haga la desinfecci\u00f3n por lo menos 2 veces duran-te una jornada de trabajo o cuando cambie de un lote a otro dentro de la finca.<\/p>\n<p><strong>Desinfecci\u00f3n de mesas de clasificaci\u00f3n, c\u00e1maras frigor\u00edficas, superficies.<\/strong><br \/>\nUse <strong>YODOVITE<\/strong> para desinfectar mesas de clasificaci\u00f3n, salas de empaque, salas de maduraci\u00f3n de frutas, salas de clasificaci\u00f3n, cuartos fr\u00edos, c\u00e1maras frigor\u00edficas, pisos, herramientas y utensilios de corte, disuelto a una dosis de 2 CC\/Lt. De agua, tratando las herramientas y utensilios (previamente lavados y sin residuos) por inmersi\u00f3n completa en la soluci\u00f3n por espacio de por lo menos 10 minutos. Para superficies y equipos est\u00e1ticos, aplique la mezcla por aspersi\u00f3n sobre los equipos a desinfectar (previamente lavados). Deje escurrir sin enjuagar. Haga la desinfecci\u00f3n con una frecuencia adecuada.<\/p>\n","protected":false},"excerpt":{"rendered":"<p><strong>YODOVITE DESINFECTANTE BACTERICIDA YOD\u00d3FORO<\/strong><br \/>\nDesinfectante Yodado para uso general, posee una concentraci\u00f3n del 7,2% de yodo lo que indica que puede usarse diluido a concentraciones menores, obteniendo importantes niveles de eficacia. Puede usarse en la desinfecci\u00f3n de Bancos de enraizamiento, salas de clasificaci\u00f3n, salas de proceso, planteles av\u00edcolas y en general en los sitios que re-quieran la inactivaci\u00f3n y control de organismos pat\u00f3genos.<\/p>\n","protected":false},"featured_media":1616,"comment_status":"open","ping_status":"closed","template":"","meta":[],"product_brand":[],"product_cat":[102,64,273,175,189,253,252,251,181,199],"product_tag":[],"class_list":{"0":"post-1617","1":"product","2":"type-product","3":"status-publish","6":"product_cat-agricultura-limpia","7":"product_cat-cannabis","8":"product_cat-control-plagas-y-enfermedades","9":"product_cat-desinfeccion","10":"product_cat-desinfeccion-agricultura-limpia","11":"product_cat-desinfeccion-de-equipos","12":"product_cat-suelos-y-sustratos","13":"product_cat-superficies","14":"product_cat-hidroponia","15":"product_cat-hongos-y-bacterias-del-suelo-cannabis","17":"first","18":"instock","19":"shipping-taxable","20":"purchasable","21":"product-type-simple"},"_links":{"self":[{"href":"https:\/\/bioracionales.com\/index.php\/wp-json\/wp\/v2\/product\/1617","targetHints":{"allow":["GET"]}}],"collection":[{"href":"https:\/\/bioracionales.com\/index.php\/wp-json\/wp\/v2\/product"}],"about":[{"href":"https:\/\/bioracionales.com\/index.php\/wp-json\/wp\/v2\/types\/product"}],"replies":[{"embeddable":true,"href":"https:\/\/bioracionales.com\/index.php\/wp-json\/wp\/v2\/comments?post=1617"}],"wp:featuredmedia":[{"embeddable":true,"href":"https:\/\/bioracionales.com\/index.php\/wp-json\/wp\/v2\/media\/1616"}],"wp:attachment":[{"href":"https:\/\/bioracionales.com\/index.php\/wp-json\/wp\/v2\/media?parent=1617"}],"wp:term":[{"taxonomy":"product_brand","embeddable":true,"href":"https:\/\/bioracionales.com\/index.php\/wp-json\/wp\/v2\/product_brand?post=1617"},{"taxonomy":"product_cat","embeddable":true,"href":"https:\/\/bioracionales.com\/index.php\/wp-json\/wp\/v2\/product_cat?post=1617"},{"taxonomy":"product_tag","embeddable":true,"href":"https:\/\/bioracionales.com\/index.php\/wp-json\/wp\/v2\/product_tag?post=1617"}],"curies":[{"name":"wp","href":"https:\/\/api.w.org\/{rel}","templated":true}]}}