{"id":1623,"date":"2023-03-30T21:42:07","date_gmt":"2023-03-30T21:42:07","guid":{"rendered":"https:\/\/bioracionales.com\/?post_type=product&#038;p=1623"},"modified":"2023-03-30T21:42:07","modified_gmt":"2023-03-30T21:42:07","slug":"jabon-potasico-x-250-ml-concentrado-casa-y-jardin","status":"publish","type":"product","link":"https:\/\/bioracionales.com\/index.php\/producto\/jabon-potasico-x-250-ml-concentrado-casa-y-jardin\/","title":{"rendered":"JAB\u00d3N POT\u00c1SICO X 250 mL &#8211; CONCENTRADO &#8211; Casa y Jard\u00edn"},"content":{"rendered":"","protected":false},"excerpt":{"rendered":"","protected":false},"featured_media":1626,"comment_status":"open","ping_status":"closed","template":"","meta":[],"product_brand":[],"product_cat":[15],"product_tag":[],"class_list":{"0":"post-1623","1":"product","2":"type-product","3":"status-publish","6":"product_cat-sin-categorizar","8":"first","9":"instock","10":"shipping-taxable","11":"product-type-simple"},"_links":{"self":[{"href":"https:\/\/bioracionales.com\/index.php\/wp-json\/wp\/v2\/product\/1623","targetHints":{"allow":["GET"]}}],"collection":[{"href":"https:\/\/bioracionales.com\/index.php\/wp-json\/wp\/v2\/product"}],"about":[{"href":"https:\/\/bioracionales.com\/index.php\/wp-json\/wp\/v2\/types\/product"}],"replies":[{"embeddable":true,"href":"https:\/\/bioracionales.com\/index.php\/wp-json\/wp\/v2\/comments?post=1623"}],"wp:featuredmedia":[{"embeddable":true,"href":"https:\/\/bioracionales.com\/index.php\/wp-json\/wp\/v2\/media\/1626"}],"wp:attachment":[{"href":"https:\/\/bioracionales.com\/index.php\/wp-json\/wp\/v2\/media?parent=1623"}],"wp:term":[{"taxonomy":"product_brand","embeddable":true,"href":"https:\/\/bioracionales.com\/index.php\/wp-json\/wp\/v2\/product_brand?post=1623"},{"taxonomy":"product_cat","embeddable":true,"href":"https:\/\/bioracionales.com\/index.php\/wp-json\/wp\/v2\/product_cat?post=1623"},{"taxonomy":"product_tag","embeddable":true,"href":"https:\/\/bioracionales.com\/index.php\/wp-json\/wp\/v2\/product_tag?post=1623"}],"curies":[{"name":"wp","href":"https:\/\/api.w.org\/{rel}","templated":true}]}}