{"id":555,"date":"2019-09-17T09:48:08","date_gmt":"2019-09-17T09:48:08","guid":{"rendered":"https:\/\/demo.themebeez.com\/demos-2\/orchid-store-ii\/product\/import-placeholder-for-155\/"},"modified":"2023-03-28T22:23:44","modified_gmt":"2023-03-28T22:23:44","slug":"ultimite-x-500-ml-oletato-potasico-con-neem-16-concentrado","status":"publish","type":"product","link":"https:\/\/bioracionales.com\/index.php\/producto\/ultimite-x-500-ml-oletato-potasico-con-neem-16-concentrado\/","title":{"rendered":"ULTIMITE X 500 mL &#8211; OLETATO POTASICO CON NEEM 16% &#8211; CONCENTRADO"},"content":{"rendered":"<table width=\"101%\">\n<tbody>\n<tr>\n<td width=\"463\">\n<table width=\"100%\">\n<tbody>\n<tr>\n<td width=\"404\">\n<h1><strong>ULTIMITE<\/strong><\/h1>\n<h2><strong>OLEATO POTASICO CON NEEM<\/strong><\/h2>\n<\/td>\n<\/tr>\n<\/tbody>\n<\/table>\n<h3><strong>INDICACIONES GENERALES DE USO<\/strong><\/h3>\n<p><strong>ULTIMITE<\/strong> es \u00fatil en el control y eliminaci\u00f3n de da\u00f1os causados por insectos chupadores, raspadores y come-hojas como Trips, Chinches, Chicharritas, Minadores y Larvas de diferentes plagas que pueden atacar a los productos vegetales y agr\u00edcolas en general y que lleguen a afectar la calidad, presentaci\u00f3n est\u00e9tica o su vida \u00fatil.<\/p>\n<p>Aplicable en productos ornamentales, verdes y follajes, frutales, verduras y hortalizas que hayan sido atacadas o est\u00e9n expuestas a da\u00f1os. Elimina satisfactoriamente restos de plagas como \u00e1caros, \u00e1fidos, palomillas y muchas otras plagas que dejan desechos como mudas, heces, polvo, telara\u00f1as, huevos<\/p>\n<p>viables o no viables, larvas, individuos muertos y dem\u00e1s suciedades causadas por plagas agr\u00edcolas.<\/p>\n<h3><strong>MODO DE APLICACI\u00d3N<\/strong><\/h3>\n<h4><strong>ULTIMITE<\/strong> se puede usar por aspersi\u00f3n y por pulverizaci\u00f3n con equipos manuales, estacionarios o de espalda. Es un controlador de contacto e ingesti\u00f3n, por lo tanto, la cobertura de la aplicaci\u00f3n es importante para el \u00e9xito en el tratamiento de control de la plaga.<\/h4>\n<h4><strong>\u00a0<\/strong><strong>Se recomienda utilizar entre 2 CC y 3 CC por cada litro de agua que se vaya a utilizar.<\/strong><\/h4>\n<h4><strong>\u00a0<\/strong>Para obtener una perfecta emulsi\u00f3n del producto es importante hacer una pre mezcla de ULTIMITE con agua, observar que la mezcla es homog\u00e9nea y no tiene aspecto grasoso. Una vez homogeneizada, esta pre mezcla se agrega a la totalidad del agua agitando para lograr una completa disoluci\u00f3n. Aplique luego de manera conveniente sobre los productos a tratar.<\/h4>\n<h3><strong>RECOMENDACIONES ESPECIALES<\/strong><\/h3>\n<p>Aplique este producto solo. Aunque es miscible con otros productos y sustancias, puede presentar antagonismos o alteraciones en la mezcla. Antes de aplicar cualquier mezcla, haga pruebas de miscibilidad, reacci\u00f3n y fitot\u00f3xicidad.<\/td>\n<\/tr>\n<\/tbody>\n<\/table>\n","protected":false},"excerpt":{"rendered":"<p><strong>ULTIMITE<\/strong> es una Emulsi\u00f3n Concentrada, formulada a partir de<\/p>\n<p>\u00c1cidos Grasos de origen natural con Extracto puro de Neem, m\u00e1s tensoactivos y surfactantes que proporcionan caracter\u00edsticas destacadas de aplicabilidad a un producto Biorracional, ambientalmente amigable y libre de sustancias qu\u00edmicas perjudiciales.<\/p>\n<p>Es totalmente miscible en agua, de f\u00e1cil aplicaci\u00f3n y de uso regular en el control de da\u00f1os causados por Trips, Chicharritas, Minadores, Chinches y Larvas de diferentes plagas.<\/p>\n<p>Mejora el aspecto est\u00e9tico y sanitario de Flores, frutales, verduras y hortalizas.<\/p>\n<p><strong>ULTIMITE<\/strong> act\u00faa por contacto, cuya acci\u00f3n principal es impedir el intercambio de gases provocando la asfixia. Pero adem\u00e1s interfiere la actividad sexual, genera disfunci\u00f3n alimentaria e inhibe la eclosi\u00f3n de los huevos.<\/p>\n","protected":false},"featured_media":1609,"comment_status":"open","ping_status":"closed","template":"","meta":[],"product_brand":[],"product_cat":[102,64,183,273,181,195],"product_tag":[],"class_list":{"0":"post-555","1":"product","2":"type-product","3":"status-publish","6":"product_cat-agricultura-limpia","7":"product_cat-cannabis","8":"product_cat-control-de-plagas","9":"product_cat-control-plagas-y-enfermedades","10":"product_cat-hidroponia","11":"product_cat-plagas-del-follaje-cannabis","13":"first","14":"instock","15":"shipping-taxable","16":"purchasable","17":"product-type-simple"},"_links":{"self":[{"href":"https:\/\/bioracionales.com\/index.php\/wp-json\/wp\/v2\/product\/555","targetHints":{"allow":["GET"]}}],"collection":[{"href":"https:\/\/bioracionales.com\/index.php\/wp-json\/wp\/v2\/product"}],"about":[{"href":"https:\/\/bioracionales.com\/index.php\/wp-json\/wp\/v2\/types\/product"}],"replies":[{"embeddable":true,"href":"https:\/\/bioracionales.com\/index.php\/wp-json\/wp\/v2\/comments?post=555"}],"wp:featuredmedia":[{"embeddable":true,"href":"https:\/\/bioracionales.com\/index.php\/wp-json\/wp\/v2\/media\/1609"}],"wp:attachment":[{"href":"https:\/\/bioracionales.com\/index.php\/wp-json\/wp\/v2\/media?parent=555"}],"wp:term":[{"taxonomy":"product_brand","embeddable":true,"href":"https:\/\/bioracionales.com\/index.php\/wp-json\/wp\/v2\/product_brand?post=555"},{"taxonomy":"product_cat","embeddable":true,"href":"https:\/\/bioracionales.com\/index.php\/wp-json\/wp\/v2\/product_cat?post=555"},{"taxonomy":"product_tag","embeddable":true,"href":"https:\/\/bioracionales.com\/index.php\/wp-json\/wp\/v2\/product_tag?post=555"}],"curies":[{"name":"wp","href":"https:\/\/api.w.org\/{rel}","templated":true}]}}