{"id":569,"date":"2019-09-17T09:48:09","date_gmt":"2019-09-17T09:48:09","guid":{"rendered":"https:\/\/demo.themebeez.com\/demos-2\/orchid-store-ii\/product\/import-placeholder-for-304\/"},"modified":"2025-11-05T06:32:31","modified_gmt":"2025-11-05T06:32:31","slug":"promiquat-x-250-ml-desinfectante-amonio-quaternario-concentrado","status":"publish","type":"product","link":"https:\/\/bioracionales.com\/index.php\/producto\/promiquat-x-250-ml-desinfectante-amonio-quaternario-concentrado\/","title":{"rendered":"PROMIQUAT X 250 mL &#8211; DESINFECTANTE AMONIO QUATERNARIO CONCENTRADO"},"content":{"rendered":"<table width=\"101%\">\n<tbody>\n<tr>\n<td width=\"482\">\n<table width=\"100%\">\n<tbody>\n<tr>\n<td width=\"404\">\n<h1><strong>PROMIQUAT<\/strong><\/h1>\n<h2><strong>AMONIO QUATERNARIO DE 5\u00aa GENERACI\u00d3N<\/strong><\/h2>\n<\/td>\n<\/tr>\n<\/tbody>\n<\/table>\n<h3><strong>INDICACIONES GENERALES DE USO<\/strong><\/h3>\n<p><strong>PROMIQUAT<\/strong> debe utilizarse despu\u00e9s de que la mugre gruesa haya sido retirada, las superficies a tratar hayan sido lavadas y est\u00e9n h\u00famedas para aplicar la soluci\u00f3n desinfectante.<\/p>\n<p>Tenga en cuenta que la <strong>LIMPIEZA<\/strong> y la <strong>DESINFECCI\u00d3N<\/strong> son dos tareas independientes y deben realizarse por separado.<\/p>\n<p><strong>PROMIQUAT<\/strong> debe aplicarse sobre superficies lavadas y h\u00famedas y dejarlo actuar por espacio de por lo menos 10 minutos antes de enjuagar. Aunque puede dejarse secar sin enjuague si la superficie desinfectada no entra en contacto con productos alimenticios.<\/p>\n<h3><strong>MODO DE APLICACI\u00d3N<\/strong><\/h3>\n<h4><strong>PROMIQUAT<\/strong> se puede usar por aspersi\u00f3n, vaporizadores, humificadores y por pulverizaci\u00f3n con equipos manuales, estacionarios o de espalda.<\/h4>\n<h4><strong>\u00a0<\/strong><strong>Se recomienda una dosis de 0.8 CC a 1.0 CC de producto por cada litro de agua de mezcla.<\/strong><\/h4>\n<h4><strong>\u00a0<\/strong><strong>PROMIQUAT<\/strong> puede usarse sobre cualquier tipo de superficie.<\/h4>\n<h4>Elimina los malos olores producidos por material org\u00e1nico en descomposici\u00f3n, por lo tanto, su uso en shuts de basuras es altamente recomendado.<\/h4>\n<h3><strong>RECOMENDACIONES ESPECIALES<\/strong><\/h3>\n<p><strong>PROMIQUAT<\/strong> requiere de una completa y homog\u00e9nea cobertura del \u00e1rea tratada, por lo tanto, su aplicaci\u00f3n debe ser muy eficiente. En salas de proceso de carnes y alimentos procesados se recomienda el enjuague despu\u00e9s del proceso de desinfecci\u00f3n. Para otros usos agroindustriales se recomienda dejar secar al ambiente.<\/p>\n<p>No mezclar con productos a base de cloro.<\/p>\n<p>&nbsp;<\/p>\n<p>&nbsp;<\/p>\n<p>&nbsp;<\/td>\n<\/tr>\n<\/tbody>\n<\/table>\n","protected":false},"excerpt":{"rendered":"<p><strong>PROMIQUAT<\/strong> es un desinfectante de uso general, formulado a partir de Sales de Amonio Cuaternario de 5\u00aa Generaci\u00f3n, Tensoactivos y Surfactantes. \u00datil en el control de hongos, bacterias, algunos virus, la pudrici\u00f3n causada por hongos, hongos formadores de lodos, bacterias causantes de mal olor y algas.<\/p>\n<p>Dise\u00f1ado para ser utilizado sobre cualquier superficie bien sea lisa, rugosa o porosa.<\/p>\n<p>Es totalmente soluble en agua y de f\u00e1cil aplicaci\u00f3n. Recomendado para ser usado en salas de proceso de flores, frutas, verduras, legumbres y hortalizas, desinfecci\u00f3n de equipos e instalaciones porcinas, av\u00edcolas y ganaderas.<\/p>\n","protected":false},"featured_media":1602,"comment_status":"open","ping_status":"closed","template":"","meta":[],"product_brand":[],"product_cat":[102,64,222,189,193,150,44,202],"product_tag":[],"class_list":{"0":"post-569","1":"product","2":"type-product","3":"status-publish","6":"product_cat-agricultura-limpia","7":"product_cat-cannabis","8":"product_cat-desinfeccion-especialidades","9":"product_cat-desinfeccion-agricultura-limpia","10":"product_cat-desinfectantes","11":"product_cat-especialidades","12":"product_cat-huerto-urbano","13":"product_cat-postcosecha","15":"first","16":"instock","17":"shipping-taxable","18":"purchasable","19":"product-type-simple"},"_links":{"self":[{"href":"https:\/\/bioracionales.com\/index.php\/wp-json\/wp\/v2\/product\/569","targetHints":{"allow":["GET"]}}],"collection":[{"href":"https:\/\/bioracionales.com\/index.php\/wp-json\/wp\/v2\/product"}],"about":[{"href":"https:\/\/bioracionales.com\/index.php\/wp-json\/wp\/v2\/types\/product"}],"replies":[{"embeddable":true,"href":"https:\/\/bioracionales.com\/index.php\/wp-json\/wp\/v2\/comments?post=569"}],"wp:featuredmedia":[{"embeddable":true,"href":"https:\/\/bioracionales.com\/index.php\/wp-json\/wp\/v2\/media\/1602"}],"wp:attachment":[{"href":"https:\/\/bioracionales.com\/index.php\/wp-json\/wp\/v2\/media?parent=569"}],"wp:term":[{"taxonomy":"product_brand","embeddable":true,"href":"https:\/\/bioracionales.com\/index.php\/wp-json\/wp\/v2\/product_brand?post=569"},{"taxonomy":"product_cat","embeddable":true,"href":"https:\/\/bioracionales.com\/index.php\/wp-json\/wp\/v2\/product_cat?post=569"},{"taxonomy":"product_tag","embeddable":true,"href":"https:\/\/bioracionales.com\/index.php\/wp-json\/wp\/v2\/product_tag?post=569"}],"curies":[{"name":"wp","href":"https:\/\/api.w.org\/{rel}","templated":true}]}}