{"id":597,"date":"2019-09-17T09:48:29","date_gmt":"2019-09-17T09:48:29","guid":{"rendered":"https:\/\/demo.themebeez.com\/demos-2\/orchid-store-ii\/product\/import-placeholder-for-310\/"},"modified":"2023-03-23T18:15:59","modified_gmt":"2023-03-23T18:15:59","slug":"everoff-x-250-ml-controlador-de-malezas-concentrado","status":"publish","type":"product","link":"https:\/\/bioracionales.com\/index.php\/producto\/everoff-x-250-ml-controlador-de-malezas-concentrado\/","title":{"rendered":"EVEROFF X 250 mL &#8211; CONTROLADOR DE MALEZAS CONCENTRADO"},"content":{"rendered":"<h3><strong>INDICACIONES GENERALES DE USO<\/strong><\/h3>\n<p><strong>EVEROFF<\/strong> es un controlador de contacto, no selectivo, para aplicaci\u00f3n por pulverizaci\u00f3n solo para evitar el crecimiento de plantas indeseables. No permita que la neblina de la aplicaci\u00f3n entre en contacto con partes foliares de plantas verdes deseables. Para garantizar un control satisfactorio, las hojas de la planta deben cubrirse completa y uniformemente.<\/p>\n<p><strong>EVEROFF<\/strong> proporciona control y supresi\u00f3n de hierbas de hoja ancha, anual y perenne igual que gram\u00edneas. Tambi\u00e9n presenta un destacado nivel de control sobre musgos y hep\u00e1ticas.<\/p>\n<h3><strong>MODO DE APLICACI\u00d3N<\/strong><\/h3>\n<h4><strong>EVEROFF<\/strong> se puede usar por aspersi\u00f3n y pulverizaci\u00f3n con equipos manuales, estacionarios o de espalda.<\/h4>\n<h4><strong>\u00a0<\/strong><strong>Se recomienda una diluci\u00f3n de entre el 4% y el 8% V \/ V (entre 40 y 80 CC por cada litro de Agua a aplicar) para la mayor\u00eda de las malezas y en base a los resultados, de ser necesario, se puede aumentar o disminuir las concentraciones de pulverizaci\u00f3n sobre las plantas a eliminar. <\/strong><\/h4>\n<h4><strong>EVEROFF<\/strong> no proporciona ning\u00fan control residual de malezas en el suelo.<\/h4>\n<h4>La eficacia del control y la duraci\u00f3n de la supresi\u00f3n de malezas pueden reducirse cuando las condiciones de crecimiento de la maleza son exuberantes o cuando las plantas a eliminar est\u00e1n demasiado maduras.<\/h4>\n<h3><strong>RECOMENDACIONES ESPECIALES<\/strong><\/h3>\n<p><strong>EVEROFF<\/strong> requiere de cobertura completa y uniforme de las malezas para lograr el mejor nivel de control. El follaje de la planta asperjada cambiar\u00e1 de un color verde a marr\u00f3n \/ negro debido al da\u00f1o celular. El efecto de EVEROFF en el tejido vegetal puede ser m\u00e1s r\u00e1pido en clima c\u00e1lido que en condiciones fr\u00edas. Sin embargo, el control de malas hierbas normalmente no se ve afectado por la temperatura.<\/p>\n<p>Cuanto mayor es la edad de la vegetaci\u00f3n, follaje maduro, mayor ser\u00e1 la concentraci\u00f3n (usar la diluci\u00f3n m\u00e1s alta) requerida para una acci\u00f3n r\u00e1pida.<\/p>\n","protected":false},"excerpt":{"rendered":"<p><strong>EVEROFF<\/strong> es un controlador natural, no selectivo, de malezas y arvenses ruderales bien sean de hoja ancha o gram\u00edneas. Sus ingredientes naturales, constituidos principalmente por Sales de \u00c1cidos Grasos eliminar\u00e1n satisfactoriamente las plantas que no son bienvenidas en diversos ambientes y espacios.<\/p>\n<p>Proporciona control de amplio espectro sobre malas hierbas de manera r\u00e1pida y eficaz.<\/p>\n<p>Act\u00faa sobre un amplio n\u00famero de especies de arvenses y malas hierbas, tanto de hoja ancha como gram\u00edneas. No es selectivo y no da\u00f1a o altera el desarrollo de las plantas cultivadas.<\/p>\n<p>Es un producto biodegradable, lo que permite usarlo alrededor de casas, escuelas, parques o en cualquier lugar en los que personas y mascotas est\u00e1n presentes.<\/p>\n","protected":false},"featured_media":1593,"comment_status":"open","ping_status":"closed","template":"","meta":[],"product_brand":[],"product_cat":[102,64,172],"product_tag":[],"class_list":{"0":"post-597","1":"product","2":"type-product","3":"status-publish","6":"product_cat-agricultura-limpia","7":"product_cat-cannabis","8":"product_cat-malas-hierbas","10":"first","11":"instock","12":"shipping-taxable","13":"purchasable","14":"product-type-simple"},"_links":{"self":[{"href":"https:\/\/bioracionales.com\/index.php\/wp-json\/wp\/v2\/product\/597","targetHints":{"allow":["GET"]}}],"collection":[{"href":"https:\/\/bioracionales.com\/index.php\/wp-json\/wp\/v2\/product"}],"about":[{"href":"https:\/\/bioracionales.com\/index.php\/wp-json\/wp\/v2\/types\/product"}],"replies":[{"embeddable":true,"href":"https:\/\/bioracionales.com\/index.php\/wp-json\/wp\/v2\/comments?post=597"}],"wp:featuredmedia":[{"embeddable":true,"href":"https:\/\/bioracionales.com\/index.php\/wp-json\/wp\/v2\/media\/1593"}],"wp:attachment":[{"href":"https:\/\/bioracionales.com\/index.php\/wp-json\/wp\/v2\/media?parent=597"}],"wp:term":[{"taxonomy":"product_brand","embeddable":true,"href":"https:\/\/bioracionales.com\/index.php\/wp-json\/wp\/v2\/product_brand?post=597"},{"taxonomy":"product_cat","embeddable":true,"href":"https:\/\/bioracionales.com\/index.php\/wp-json\/wp\/v2\/product_cat?post=597"},{"taxonomy":"product_tag","embeddable":true,"href":"https:\/\/bioracionales.com\/index.php\/wp-json\/wp\/v2\/product_tag?post=597"}],"curies":[{"name":"wp","href":"https:\/\/api.w.org\/{rel}","templated":true}]}}