{"id":600,"date":"2019-09-17T09:48:29","date_gmt":"2019-09-17T09:48:29","guid":{"rendered":"https:\/\/demo.themebeez.com\/demos-2\/orchid-store-ii\/product\/import-placeholder-for-316\/"},"modified":"2024-03-16T23:17:40","modified_gmt":"2024-03-16T23:17:40","slug":"defenzor-x-1-litros-desinfectante-fungicida-monobasico-concentrado","status":"publish","type":"product","link":"https:\/\/bioracionales.com\/index.php\/producto\/defenzor-x-1-litros-desinfectante-fungicida-monobasico-concentrado\/","title":{"rendered":"DEFENZOR X 1 Litros &#8211; DESINFECTANTE FUNGICIDA MONOB\u00c1SICO CONCENTRADO"},"content":{"rendered":"<p><strong>DEFENZOR<\/strong> para uso en la remoci\u00f3n de micelios y la inactivaci\u00f3n de esporas de diversos organismos pat\u00f3genos que ocurren de forma ordinaria sobre las plantas cultivadas y los frutos cosechados.<\/p>\n<p>Impide la diseminaci\u00f3n de la contaminaci\u00f3n causada por hongos y bacterias a trav\u00e9s de elementos como material de empaque, equipos, maquinaria, zapatos y equipos de transporte.<\/p>\n<p>\u00datil para tratar productos agr\u00edcolas afectados por hongos como Mildeo polvoso, Mildeo velloso, Manchas foliares, Botrytis sp, Roselinia.<\/p>\n<p><strong>DEFENZOR <\/strong>es un producto alcalino, con valores de pH cercanos a 9.0.\u00a0 Aunque es miscible con otras sustancias y plaguicidas de reacci\u00f3n alcalina puede presentar antagonismo. Antes del uso generalizado de cualquier mezcla es necesario hacer pruebas de Miscibilidad, Reacci\u00f3n y Fitotoxicidad para descartar cualquier riesgo.<\/p>\n<p>No acidule la mezcla.<\/p>\n<p>No lo aplique junto con productos de reacci\u00f3n \u00e1cida.<\/p>\n","protected":false},"excerpt":{"rendered":"<p><strong>DEFENZOR<\/strong> es un desinfectante Monob\u00e1sico formulado a partir de Sales inorg\u00e1nicas de Potasio, Sodio, Amonio, Tensoactivos y Surfactantes de origen natural, que dan lugar a un producto Biorracional, ambientalmente amigable y libre de sustancias perjudiciales.<\/p>\n<p>Es totalmente soluble en agua, de f\u00e1cil aplicaci\u00f3n y de uso regular en el control de los da\u00f1os causados por Hongos y Bacterias de frecuente ocurrencia sobre productos vegetales.<\/p>\n<p>Aplicable en la inactivaci\u00f3n de esporas y la deshidrataci\u00f3n osm\u00f3tica de los micelios de m\u00faltiples organismos pat\u00f3genos que atacan a las plantas establecidas y frutos cosechados.<\/p>\n","protected":false},"featured_media":1588,"comment_status":"open","ping_status":"closed","template":"","meta":[],"product_brand":[],"product_cat":[102,64,188,273,198,197,181],"product_tag":[],"class_list":{"0":"post-600","1":"product","2":"type-product","3":"status-publish","6":"product_cat-agricultura-limpia","7":"product_cat-cannabis","8":"product_cat-control-de-enfermedades","9":"product_cat-control-plagas-y-enfermedades","10":"product_cat-enfermedades-de-ramas-y-troncos","11":"product_cat-enfermedades-del-follaje-cannabis","12":"product_cat-hidroponia","14":"first","15":"instock","16":"shipping-taxable","17":"purchasable","18":"product-type-simple"},"_links":{"self":[{"href":"https:\/\/bioracionales.com\/index.php\/wp-json\/wp\/v2\/product\/600","targetHints":{"allow":["GET"]}}],"collection":[{"href":"https:\/\/bioracionales.com\/index.php\/wp-json\/wp\/v2\/product"}],"about":[{"href":"https:\/\/bioracionales.com\/index.php\/wp-json\/wp\/v2\/types\/product"}],"replies":[{"embeddable":true,"href":"https:\/\/bioracionales.com\/index.php\/wp-json\/wp\/v2\/comments?post=600"}],"wp:featuredmedia":[{"embeddable":true,"href":"https:\/\/bioracionales.com\/index.php\/wp-json\/wp\/v2\/media\/1588"}],"wp:attachment":[{"href":"https:\/\/bioracionales.com\/index.php\/wp-json\/wp\/v2\/media?parent=600"}],"wp:term":[{"taxonomy":"product_brand","embeddable":true,"href":"https:\/\/bioracionales.com\/index.php\/wp-json\/wp\/v2\/product_brand?post=600"},{"taxonomy":"product_cat","embeddable":true,"href":"https:\/\/bioracionales.com\/index.php\/wp-json\/wp\/v2\/product_cat?post=600"},{"taxonomy":"product_tag","embeddable":true,"href":"https:\/\/bioracionales.com\/index.php\/wp-json\/wp\/v2\/product_tag?post=600"}],"curies":[{"name":"wp","href":"https:\/\/api.w.org\/{rel}","templated":true}]}}