{"id":605,"date":"2019-09-17T09:48:29","date_gmt":"2019-09-17T09:48:29","guid":{"rendered":"https:\/\/demo.themebeez.com\/demos-2\/orchid-store-ii\/product\/import-placeholder-for-326\/"},"modified":"2023-03-23T14:39:21","modified_gmt":"2023-03-23T14:39:21","slug":"citrozen-x-250-ml-emulsion-citrica-con-ajo-y-aji-concentrado","status":"publish","type":"product","link":"https:\/\/bioracionales.com\/index.php\/producto\/citrozen-x-250-ml-emulsion-citrica-con-ajo-y-aji-concentrado\/","title":{"rendered":"CITROZEN X 250 mL &#8211; EMULSI\u00d3N C\u00cdTRICA CON AJO Y AJI &#8211; CONCENTRADO"},"content":{"rendered":"<div id=\"Content\">\n<div id=\"Translation\">\n<p>CITROZEN para uso en la remoci\u00f3n de ac\u00famulos de cochinillas y escamas, adem\u00e1s de la limpieza de restos dejados por estas plagas como azucaramientos, exubias, huevos, larvas y en general sustancias y residuos que afectan la calidad, aspecto est\u00e9tico o duraci\u00f3n de la vida \u00fatil de las plantas o sus frutos.<\/p>\n<p>En la fase posterior a la cosecha habr\u00e1 muchas unidades de producto que est\u00e9n afectadas por restos y residuos de plagas como \u00e1caros, \u00e1fidos, palomillas y otras muchas plagas que dejan desechos como mudas, heces, polvo, telara\u00f1as, huevos viables o no viables, larvas, individuos muertos y dem\u00e1s suciedades causadas por plagas.<\/p>\n<p>Bloquea e impide la eclosi\u00f3n de los huevos y el desarrollo de las fases intermedias de las plagas causantes de p\u00e9rdidas de calidad.<\/p>\n<\/div>\n<\/div>\n","protected":false},"excerpt":{"rendered":"<p><strong>CITROZEN<\/strong> es una Emulsi\u00f3n C\u00edtrica formulada a partir de \u00c1cidos grasos naturales, Dipentenos, Extracto oleoso de Ajo, Extracto oleoso de Aj\u00ed, Tensoactivos y Surfactantes que dan origen a una formulaci\u00f3n Biorracional, ambientalmente amigable y libre de sustancias perjudiciales.<\/p>\n<p>Es totalmente soluble en agua, de f\u00e1cil aplicaci\u00f3n y de uso regular en el control de los da\u00f1os causados por Cochinillas, Escamas, Orugas y Gusanos.<\/p>\n<p>Limpia los residuos causados por las plagas y favorece la reactivaci\u00f3n de las funciones vegetales mejorando el aspecto est\u00e9tico y sanitario de Flores, Frutas, Verduras y Hortalizas.<\/p>\n","protected":false},"featured_media":1578,"comment_status":"open","ping_status":"closed","template":"","meta":[],"product_brand":[],"product_cat":[102,64,273,181,195],"product_tag":[],"class_list":{"0":"post-605","1":"product","2":"type-product","3":"status-publish","6":"product_cat-agricultura-limpia","7":"product_cat-cannabis","8":"product_cat-control-plagas-y-enfermedades","9":"product_cat-hidroponia","10":"product_cat-plagas-del-follaje-cannabis","12":"first","13":"instock","14":"shipping-taxable","15":"purchasable","16":"product-type-simple"},"_links":{"self":[{"href":"https:\/\/bioracionales.com\/index.php\/wp-json\/wp\/v2\/product\/605","targetHints":{"allow":["GET"]}}],"collection":[{"href":"https:\/\/bioracionales.com\/index.php\/wp-json\/wp\/v2\/product"}],"about":[{"href":"https:\/\/bioracionales.com\/index.php\/wp-json\/wp\/v2\/types\/product"}],"replies":[{"embeddable":true,"href":"https:\/\/bioracionales.com\/index.php\/wp-json\/wp\/v2\/comments?post=605"}],"wp:featuredmedia":[{"embeddable":true,"href":"https:\/\/bioracionales.com\/index.php\/wp-json\/wp\/v2\/media\/1578"}],"wp:attachment":[{"href":"https:\/\/bioracionales.com\/index.php\/wp-json\/wp\/v2\/media?parent=605"}],"wp:term":[{"taxonomy":"product_brand","embeddable":true,"href":"https:\/\/bioracionales.com\/index.php\/wp-json\/wp\/v2\/product_brand?post=605"},{"taxonomy":"product_cat","embeddable":true,"href":"https:\/\/bioracionales.com\/index.php\/wp-json\/wp\/v2\/product_cat?post=605"},{"taxonomy":"product_tag","embeddable":true,"href":"https:\/\/bioracionales.com\/index.php\/wp-json\/wp\/v2\/product_tag?post=605"}],"curies":[{"name":"wp","href":"https:\/\/api.w.org\/{rel}","templated":true}]}}